{"id":201,"date":"2020-02-03T08:26:41","date_gmt":"2020-02-03T08:26:41","guid":{"rendered":"https:\/\/demosites.io\/architecture-gb\/?page_id=201"},"modified":"2024-04-30T17:48:07","modified_gmt":"2024-04-30T17:48:07","slug":"desarrollos","status":"publish","type":"page","link":"https:\/\/cirrusdesarrollos.com.mx\/index.php\/desarrollos\/","title":{"rendered":"Desarrollos"},"content":{"rendered":"\n<div id=\"wp-block-themeisle-blocks-advanced-columns-71126027\" class=\"wp-block-themeisle-blocks-advanced-columns alignfull has-1-columns has-desktop-equal-layout has-tablet-equal-layout has-mobile-equal-layout has-vertical-center\"><div class=\"wp-block-themeisle-blocks-advanced-columns-overlay\"><\/div><div class=\"innerblocks-wrap\">\n<div id=\"wp-block-themeisle-blocks-advanced-column-3173e8ac\" class=\"wp-block-themeisle-blocks-advanced-column\">\n<h1 class=\"wp-block-heading has-text-align-center has-nv-dark-bg-color has-text-color\">DESARROLLOS<\/h1>\n<\/div>\n<\/div><\/div>\n\n\n\n<div style=\"height:40px\" aria-hidden=\"true\" class=\"wp-block-spacer\"><\/div>\n\n\n\n<div id=\"wp-block-themeisle-blocks-advanced-columns-2c9878f4\" class=\"wp-block-themeisle-blocks-advanced-columns alignfull has-2-columns has-desktop-equal-layout has-tablet-equal-layout has-mobile-collapsedRows-layout has-vertical-unset has-dark-bg\"><div class=\"wp-block-themeisle-blocks-advanced-columns-overlay\"><\/div><div class=\"innerblocks-wrap\">\n<div id=\"wp-block-themeisle-blocks-advanced-column-98c28a51\" class=\"wp-block-themeisle-blocks-advanced-column\">\n<h6 id=\"wp-block-themeisle-blocks-advanced-heading-09afc45b\" class=\"wp-block-themeisle-blocks-advanced-heading wp-block-themeisle-blocks-advanced-heading-09afc45b\">VIVIENDA VERTICAL<\/h6>\n\n\n\n<h2 class=\"wp-block-heading has-nv-text-dark-bg-color has-text-color\">CONDOMINIO LAT<\/h2>\n\n\n\n<ul class=\"wp-block-list\">\n<li>Desarrollo: Edificio<\/li>\n\n\n\n<li>Unidades: 30 departamentos<\/li>\n\n\n\n<li>Ubicaci\u00f3n: Anahuac, Ciudad de M\u00e9xico<\/li>\n\n\n\n<li>A\u00f1o: 2022<\/li>\n<\/ul>\n\n\n\n<div style=\"height:54px\" aria-hidden=\"true\" class=\"wp-block-spacer\"><\/div>\n\n\n\n<div class=\"wp-block-buttons is-layout-flex wp-block-buttons-is-layout-flex\">\n<div class=\"wp-block-button is-style-secondary\"><a class=\"wp-block-button__link wp-element-button\" href=\"https:\/\/cirrusdesarrollos.com.mx\/index.php\/condominio-lat\/\">VER PROYECTO<\/a><\/div>\n<\/div>\n<\/div>\n\n\n\n<div id=\"wp-block-themeisle-blocks-advanced-column-d5b28d37\" class=\"wp-block-themeisle-blocks-advanced-column\">\n<figure class=\"wp-block-image size-full animated fadeInRight slow\"><a href=\"https:\/\/cirrusdesarrollos.com.mx\/index.php\/condominio-lat\/\"><img loading=\"lazy\" width=\"1024\" height=\"1024\" src=\"http:\/\/cirrusdesarrollos.com.mx\/wp-content\/uploads\/2024\/03\/LAT-2.png\" alt=\"\" class=\"wp-image-486\" srcset=\"https:\/\/cirrusdesarrollos.com.mx\/wp-content\/uploads\/2024\/03\/LAT-2.png 1024w, https:\/\/cirrusdesarrollos.com.mx\/wp-content\/uploads\/2024\/03\/LAT-2-300x300.png 300w, https:\/\/cirrusdesarrollos.com.mx\/wp-content\/uploads\/2024\/03\/LAT-2-150x150.png 150w, https:\/\/cirrusdesarrollos.com.mx\/wp-content\/uploads\/2024\/03\/LAT-2-768x768.png 768w\" sizes=\"auto, (max-width: 1024px) 100vw, 1024px\" \/><\/a><\/figure>\n<\/div>\n<\/div><\/div>\n\n\n\n<div id=\"wp-block-themeisle-blocks-advanced-columns-82a4c394\" class=\"wp-block-themeisle-blocks-advanced-columns alignfull has-2-columns has-desktop-equal-layout has-tablet-equal-layout has-mobile-collapsedRows-layout has-vertical-unset ticss-ce69d1c2 has-light-bg\"><div class=\"wp-block-themeisle-blocks-advanced-columns-overlay\"><\/div><div class=\"innerblocks-wrap\">\n<div id=\"wp-block-themeisle-blocks-advanced-column-b9082770\" class=\"wp-block-themeisle-blocks-advanced-column\">\n<figure class=\"wp-block-image size-full animated fadeInLeft slow\"><a href=\"https:\/\/cirrusdesarrollos.com.mx\/index.php\/d-conjunto-con-1\/\"><img loading=\"lazy\" width=\"1024\" height=\"1024\" src=\"http:\/\/cirrusdesarrollos.com.mx\/wp-content\/uploads\/2024\/03\/CON-7.png\" alt=\"\" class=\"wp-image-521\" srcset=\"https:\/\/cirrusdesarrollos.com.mx\/wp-content\/uploads\/2024\/03\/CON-7.png 1024w, https:\/\/cirrusdesarrollos.com.mx\/wp-content\/uploads\/2024\/03\/CON-7-300x300.png 300w, https:\/\/cirrusdesarrollos.com.mx\/wp-content\/uploads\/2024\/03\/CON-7-150x150.png 150w, https:\/\/cirrusdesarrollos.com.mx\/wp-content\/uploads\/2024\/03\/CON-7-768x768.png 768w\" sizes=\"auto, (max-width: 1024px) 100vw, 1024px\" \/><\/a><\/figure>\n<\/div>\n\n\n\n<div id=\"wp-block-themeisle-blocks-advanced-column-63c709a8\" class=\"wp-block-themeisle-blocks-advanced-column\">\n<h6 id=\"wp-block-themeisle-blocks-advanced-heading-6164b435\" class=\"wp-block-themeisle-blocks-advanced-heading wp-block-themeisle-blocks-advanced-heading-6164b435\">conjunto horizontal<\/h6>\n\n\n\n<h2 class=\"wp-block-heading has-text-color-color has-text-color\">conjunto con-i<\/h2>\n\n\n\n<ul class=\"wp-block-list\">\n<li>Desarrollo: Condominio horizontal<\/li>\n\n\n\n<li>Unidades: 38 casas<\/li>\n\n\n\n<li>Ubicaci\u00f3n: Huixquilucan, Estado de M\u00e9xico<\/li>\n\n\n\n<li>A\u00f1o: 2022<\/li>\n<\/ul>\n\n\n\n<div style=\"height:54px\" aria-hidden=\"true\" class=\"wp-block-spacer\"><\/div>\n\n\n\n<div class=\"wp-block-buttons is-layout-flex wp-block-buttons-is-layout-flex\">\n<div class=\"wp-block-button is-style-secondary\"><a class=\"wp-block-button__link wp-element-button\" href=\"https:\/\/cirrusdesarrollos.com.mx\/index.php\/d-conjunto-con-1\/\">VER PROYECTO<\/a><\/div>\n<\/div>\n<\/div>\n<\/div><\/div>\n\n\n\n<div id=\"wp-block-themeisle-blocks-advanced-columns-ba6e3700\" class=\"wp-block-themeisle-blocks-advanced-columns alignfull has-2-columns has-desktop-equal-layout has-tablet-equal-layout has-mobile-collapsedRows-layout has-vertical-unset has-dark-bg\"><div class=\"wp-block-themeisle-blocks-advanced-columns-overlay\"><\/div><div class=\"innerblocks-wrap\">\n<div id=\"wp-block-themeisle-blocks-advanced-column-27bcc0cc\" class=\"wp-block-themeisle-blocks-advanced-column\">\n<h6 id=\"wp-block-themeisle-blocks-advanced-heading-e5c10c7a\" class=\"wp-block-themeisle-blocks-advanced-heading wp-block-themeisle-blocks-advanced-heading-e5c10c7a\">vivienda vertical<\/h6>\n\n\n\n<h2 class=\"wp-block-heading has-nv-text-dark-bg-color has-text-color\">torre bruT<\/h2>\n\n\n\n<ul class=\"wp-block-list\">\n<li>Desarrollo: Edificio<\/li>\n\n\n\n<li>Unidades: 28 departementos<\/li>\n\n\n\n<li>Ubicaci\u00f3n: San Miguel Chapultepec, Ciudad de M\u00e9xico<\/li>\n\n\n\n<li>A\u00f1o: 2018<\/li>\n<\/ul>\n\n\n\n<div style=\"height:54px\" aria-hidden=\"true\" class=\"wp-block-spacer\"><\/div>\n\n\n\n<div class=\"wp-block-buttons is-layout-flex wp-block-buttons-is-layout-flex\">\n<div class=\"wp-block-button is-style-secondary\"><a class=\"wp-block-button__link wp-element-button\" href=\"https:\/\/cirrusdesarrollos.com.mx\/index.php\/d-torre-brut\/\">VER PROYECTO<\/a><\/div>\n<\/div>\n<\/div>\n\n\n\n<div id=\"wp-block-themeisle-blocks-advanced-column-95652a79\" class=\"wp-block-themeisle-blocks-advanced-column\">\n<figure class=\"wp-block-image size-full animated fadeInRight slow\"><a href=\"https:\/\/cirrusdesarrollos.com.mx\/index.php\/d-torre-brut\/\"><img loading=\"lazy\" width=\"1024\" height=\"1024\" src=\"http:\/\/cirrusdesarrollos.com.mx\/wp-content\/uploads\/2024\/03\/BRU-12.png\" alt=\"\" class=\"wp-image-512\" srcset=\"https:\/\/cirrusdesarrollos.com.mx\/wp-content\/uploads\/2024\/03\/BRU-12.png 1024w, https:\/\/cirrusdesarrollos.com.mx\/wp-content\/uploads\/2024\/03\/BRU-12-300x300.png 300w, https:\/\/cirrusdesarrollos.com.mx\/wp-content\/uploads\/2024\/03\/BRU-12-150x150.png 150w, https:\/\/cirrusdesarrollos.com.mx\/wp-content\/uploads\/2024\/03\/BRU-12-768x768.png 768w\" sizes=\"auto, (max-width: 1024px) 100vw, 1024px\" \/><\/a><\/figure>\n<\/div>\n<\/div><\/div>\n\n\n\n<div id=\"wp-block-themeisle-blocks-advanced-columns-c11b1b82\" class=\"wp-block-themeisle-blocks-advanced-columns alignfull has-2-columns has-desktop-equal-layout has-tablet-equal-layout has-mobile-collapsedRows-layout has-vertical-unset ticss-ce69d1c2 has-light-bg\"><div class=\"wp-block-themeisle-blocks-advanced-columns-overlay\"><\/div><div class=\"innerblocks-wrap\">\n<div id=\"wp-block-themeisle-blocks-advanced-column-2ce6dd31\" class=\"wp-block-themeisle-blocks-advanced-column\">\n<figure class=\"wp-block-image size-full animated fadeInLeft slow\"><a href=\"https:\/\/cirrusdesarrollos.com.mx\/index.php\/d-casas-toussaint\/\"><img loading=\"lazy\" width=\"1119\" height=\"1200\" src=\"https:\/\/cirrusdesarrollos.com.mx\/wp-content\/uploads\/2024\/03\/01-FCH-1.jpg\" alt=\"\" class=\"wp-image-1229\" srcset=\"https:\/\/cirrusdesarrollos.com.mx\/wp-content\/uploads\/2024\/03\/01-FCH-1.jpg 1119w, https:\/\/cirrusdesarrollos.com.mx\/wp-content\/uploads\/2024\/03\/01-FCH-1-280x300.jpg 280w, https:\/\/cirrusdesarrollos.com.mx\/wp-content\/uploads\/2024\/03\/01-FCH-1-955x1024.jpg 955w, https:\/\/cirrusdesarrollos.com.mx\/wp-content\/uploads\/2024\/03\/01-FCH-1-768x824.jpg 768w\" sizes=\"auto, (max-width: 1119px) 100vw, 1119px\" \/><\/a><\/figure>\n<\/div>\n\n\n\n<div id=\"wp-block-themeisle-blocks-advanced-column-5490a56a\" class=\"wp-block-themeisle-blocks-advanced-column\">\n<h6 id=\"wp-block-themeisle-blocks-advanced-heading-7f2edf38\" class=\"wp-block-themeisle-blocks-advanced-heading wp-block-themeisle-blocks-advanced-heading-7f2edf38\">conjunto horizontal<\/h6>\n\n\n\n<h2 class=\"wp-block-heading has-text-color-color has-text-color\">Casas TOU<\/h2>\n\n\n\n<ul class=\"wp-block-list\">\n<li>Desarrollo: Condominio horizontal<\/li>\n\n\n\n<li>Unidades: 3 casas<\/li>\n\n\n\n<li>Ubicaci\u00f3n: Coyoac\u00e1n, Ciudad de M\u00e9xico<\/li>\n\n\n\n<li>A\u00f1o: 2024<\/li>\n<\/ul>\n\n\n\n<div style=\"height:54px\" aria-hidden=\"true\" class=\"wp-block-spacer\"><\/div>\n\n\n\n<div class=\"wp-block-buttons is-layout-flex wp-block-buttons-is-layout-flex\">\n<div class=\"wp-block-button is-style-secondary\"><a class=\"wp-block-button__link wp-element-button\" href=\"https:\/\/cirrusdesarrollos.com.mx\/index.php\/d-casas-toussaint\/\">VER PROYECTO<\/a><\/div>\n<\/div>\n<\/div>\n<\/div><\/div>\n\n\n\n<div id=\"wp-block-themeisle-blocks-advanced-columns-be0d6fa2\" class=\"wp-block-themeisle-blocks-advanced-columns alignfull has-2-columns has-desktop-equal-layout has-tablet-equal-layout has-mobile-collapsedRows-layout has-vertical-unset has-dark-bg\"><div class=\"wp-block-themeisle-blocks-advanced-columns-overlay\"><\/div><div class=\"innerblocks-wrap\">\n<div id=\"wp-block-themeisle-blocks-advanced-column-e82d3816\" class=\"wp-block-themeisle-blocks-advanced-column\">\n<h6 id=\"wp-block-themeisle-blocks-advanced-heading-d390e60d\" class=\"wp-block-themeisle-blocks-advanced-heading wp-block-themeisle-blocks-advanced-heading-d390e60d\">vivienda vertical<\/h6>\n\n\n\n<h2 class=\"wp-block-heading has-nv-text-dark-bg-color has-text-color\">torre MR<\/h2>\n\n\n\n<ul class=\"wp-block-list\">\n<li>Desarrollo: Edificio<\/li>\n\n\n\n<li>Unidades: 60 departementos<\/li>\n\n\n\n<li>Ubicaci\u00f3n: Constituyentes, Ciudad de M\u00e9xico<\/li>\n\n\n\n<li>A\u00f1o: 2020<\/li>\n<\/ul>\n\n\n\n<div style=\"height:54px\" aria-hidden=\"true\" class=\"wp-block-spacer\"><\/div>\n\n\n\n<div class=\"wp-block-buttons is-layout-flex wp-block-buttons-is-layout-flex\">\n<div class=\"wp-block-button is-style-secondary\"><a class=\"wp-block-button__link wp-element-button\" href=\"https:\/\/cirrusdesarrollos.com.mx\/index.php\/d-torre-mr\/\">VER PROYECTO<\/a><\/div>\n<\/div>\n<\/div>\n\n\n\n<div id=\"wp-block-themeisle-blocks-advanced-column-3e19d1cf\" class=\"wp-block-themeisle-blocks-advanced-column\">\n<figure class=\"wp-block-image size-full animated fadeInRight slow\"><a href=\"https:\/\/cirrusdesarrollos.com.mx\/index.php\/d-torre-mr\/\"><img loading=\"lazy\" width=\"1024\" height=\"1024\" src=\"https:\/\/cirrusdesarrollos.com.mx\/wp-content\/uploads\/2024\/03\/MR-01.png\" alt=\"\" class=\"wp-image-1233\" srcset=\"https:\/\/cirrusdesarrollos.com.mx\/wp-content\/uploads\/2024\/03\/MR-01.png 1024w, https:\/\/cirrusdesarrollos.com.mx\/wp-content\/uploads\/2024\/03\/MR-01-300x300.png 300w, https:\/\/cirrusdesarrollos.com.mx\/wp-content\/uploads\/2024\/03\/MR-01-150x150.png 150w, https:\/\/cirrusdesarrollos.com.mx\/wp-content\/uploads\/2024\/03\/MR-01-768x768.png 768w\" sizes=\"auto, (max-width: 1024px) 100vw, 1024px\" \/><\/a><\/figure>\n<\/div>\n<\/div><\/div>\n\n\n\n<div id=\"wp-block-themeisle-blocks-advanced-columns-57cf8e3a\" class=\"wp-block-themeisle-blocks-advanced-columns alignfull has-2-columns has-desktop-equal-layout has-tablet-equal-layout has-mobile-collapsedRows-layout has-vertical-unset ticss-ce69d1c2 has-light-bg\"><div class=\"wp-block-themeisle-blocks-advanced-columns-overlay\"><\/div><div class=\"innerblocks-wrap\">\n<div id=\"wp-block-themeisle-blocks-advanced-column-f03fb379\" class=\"wp-block-themeisle-blocks-advanced-column\">\n<figure class=\"wp-block-image size-full animated fadeInLeft slow\"><a href=\"https:\/\/cirrusdesarrollos.com.mx\/index.php\/d-condesa-1\/\"><img loading=\"lazy\" width=\"1024\" height=\"1024\" src=\"https:\/\/cirrusdesarrollos.com.mx\/wp-content\/uploads\/2024\/03\/saturno55_A_medium_end_medium_building_in_Colonia_Condesa_in__e0f076fb-067f-430d-87bf-2e67c0118745_2.png\" alt=\"\" class=\"wp-image-1061\" srcset=\"https:\/\/cirrusdesarrollos.com.mx\/wp-content\/uploads\/2024\/03\/saturno55_A_medium_end_medium_building_in_Colonia_Condesa_in__e0f076fb-067f-430d-87bf-2e67c0118745_2.png 1024w, https:\/\/cirrusdesarrollos.com.mx\/wp-content\/uploads\/2024\/03\/saturno55_A_medium_end_medium_building_in_Colonia_Condesa_in__e0f076fb-067f-430d-87bf-2e67c0118745_2-300x300.png 300w, https:\/\/cirrusdesarrollos.com.mx\/wp-content\/uploads\/2024\/03\/saturno55_A_medium_end_medium_building_in_Colonia_Condesa_in__e0f076fb-067f-430d-87bf-2e67c0118745_2-150x150.png 150w, https:\/\/cirrusdesarrollos.com.mx\/wp-content\/uploads\/2024\/03\/saturno55_A_medium_end_medium_building_in_Colonia_Condesa_in__e0f076fb-067f-430d-87bf-2e67c0118745_2-768x768.png 768w\" sizes=\"auto, (max-width: 1024px) 100vw, 1024px\" \/><\/a><\/figure>\n<\/div>\n\n\n\n<div id=\"wp-block-themeisle-blocks-advanced-column-7f71df0a\" class=\"wp-block-themeisle-blocks-advanced-column\">\n<h6 id=\"wp-block-themeisle-blocks-advanced-heading-1b3fbbeb\" class=\"wp-block-themeisle-blocks-advanced-heading wp-block-themeisle-blocks-advanced-heading-1b3fbbeb\">Vivienda Vertical<\/h6>\n\n\n\n<h2 class=\"wp-block-heading has-text-color-color has-text-color\">Condesa-1<\/h2>\n\n\n\n<ul class=\"wp-block-list\">\n<li>Desarrollo: Edificio chico<\/li>\n\n\n\n<li>Unidades: 4 departamentos<\/li>\n\n\n\n<li>Ubicaci\u00f3n: Col. Condesa, Ciudad de M\u00e9xico<\/li>\n\n\n\n<li>A\u00f1o: 2022<\/li>\n<\/ul>\n\n\n\n<div style=\"height:54px\" aria-hidden=\"true\" class=\"wp-block-spacer\"><\/div>\n\n\n\n<div class=\"wp-block-buttons is-layout-flex wp-block-buttons-is-layout-flex\">\n<div class=\"wp-block-button is-style-secondary\"><a class=\"wp-block-button__link wp-element-button\" href=\"https:\/\/cirrusdesarrollos.com.mx\/index.php\/d-condesa-1\/\">VER PROYECTO<\/a><\/div>\n<\/div>\n<\/div>\n<\/div><\/div>\n\n\n\n<div id=\"wp-block-themeisle-blocks-advanced-columns-c4ea0312\" class=\"wp-block-themeisle-blocks-advanced-columns alignfull has-2-columns has-desktop-equal-layout has-tablet-equal-layout has-mobile-collapsedRows-layout has-vertical-unset has-dark-bg\"><div class=\"wp-block-themeisle-blocks-advanced-columns-overlay\"><\/div><div class=\"innerblocks-wrap\">\n<div id=\"wp-block-themeisle-blocks-advanced-column-045fed5f\" class=\"wp-block-themeisle-blocks-advanced-column\">\n<h6 id=\"wp-block-themeisle-blocks-advanced-heading-8cbc0367\" class=\"wp-block-themeisle-blocks-advanced-heading wp-block-themeisle-blocks-advanced-heading-8cbc0367\">vivienda vertical<\/h6>\n\n\n\n<h2 class=\"wp-block-heading has-nv-text-dark-bg-color has-text-color\">Juriquilla-1<\/h2>\n\n\n\n<ul class=\"wp-block-list\">\n<li>Desarrollo: Edificio<\/li>\n\n\n\n<li>Unidades: 6 departementos<\/li>\n\n\n\n<li>Ubicaci\u00f3n: Juriquilla, Quer\u00e9taro<\/li>\n\n\n\n<li>A\u00f1o: 2023<\/li>\n<\/ul>\n\n\n\n<div style=\"height:54px\" aria-hidden=\"true\" class=\"wp-block-spacer\"><\/div>\n\n\n\n<div class=\"wp-block-buttons is-layout-flex wp-block-buttons-is-layout-flex\">\n<div class=\"wp-block-button is-style-secondary\"><a class=\"wp-block-button__link wp-element-button\" href=\"https:\/\/cirrusdesarrollos.com.mx\/index.php\/d-juriquilla-1\/\">VER PROYECTO<\/a><\/div>\n<\/div>\n<\/div>\n\n\n\n<div id=\"wp-block-themeisle-blocks-advanced-column-e2a3a3b2\" class=\"wp-block-themeisle-blocks-advanced-column\">\n<figure class=\"wp-block-image size-full animated fadeInRight slow\"><a href=\"https:\/\/cirrusdesarrollos.com.mx\/index.php\/d-juriquilla-1\/\"><img loading=\"lazy\" width=\"1024\" height=\"1024\" src=\"https:\/\/cirrusdesarrollos.com.mx\/wp-content\/uploads\/2024\/03\/saturno55_A_medium_end_medium_building_in_Colonia_Narvarte_in_M_4864af89-defc-4c71-9828-1b5682aa8cb4.png\" alt=\"\" class=\"wp-image-1062\" srcset=\"https:\/\/cirrusdesarrollos.com.mx\/wp-content\/uploads\/2024\/03\/saturno55_A_medium_end_medium_building_in_Colonia_Narvarte_in_M_4864af89-defc-4c71-9828-1b5682aa8cb4.png 1024w, https:\/\/cirrusdesarrollos.com.mx\/wp-content\/uploads\/2024\/03\/saturno55_A_medium_end_medium_building_in_Colonia_Narvarte_in_M_4864af89-defc-4c71-9828-1b5682aa8cb4-300x300.png 300w, https:\/\/cirrusdesarrollos.com.mx\/wp-content\/uploads\/2024\/03\/saturno55_A_medium_end_medium_building_in_Colonia_Narvarte_in_M_4864af89-defc-4c71-9828-1b5682aa8cb4-150x150.png 150w, https:\/\/cirrusdesarrollos.com.mx\/wp-content\/uploads\/2024\/03\/saturno55_A_medium_end_medium_building_in_Colonia_Narvarte_in_M_4864af89-defc-4c71-9828-1b5682aa8cb4-768x768.png 768w\" sizes=\"auto, (max-width: 1024px) 100vw, 1024px\" \/><\/a><\/figure>\n<\/div>\n<\/div><\/div>\n\n\n\n<div id=\"wp-block-themeisle-blocks-advanced-columns-df405d93\" class=\"wp-block-themeisle-blocks-advanced-columns alignfull has-2-columns has-desktop-equal-layout has-tablet-equal-layout has-mobile-collapsedRows-layout has-vertical-unset ticss-ce69d1c2 has-light-bg\"><div class=\"wp-block-themeisle-blocks-advanced-columns-overlay\"><\/div><div class=\"innerblocks-wrap\">\n<div id=\"wp-block-themeisle-blocks-advanced-column-f948bddd\" class=\"wp-block-themeisle-blocks-advanced-column\">\n<figure class=\"wp-block-image size-full animated fadeInLeft slow\"><a href=\"https:\/\/cirrusdesarrollos.com.mx\/index.php\/d-edificio-mixto-qro\/\"><img loading=\"lazy\" width=\"1024\" height=\"1024\" src=\"https:\/\/cirrusdesarrollos.com.mx\/wp-content\/uploads\/2024\/03\/Mixto-Qro-1.png\" alt=\"\" class=\"wp-image-1063\" srcset=\"https:\/\/cirrusdesarrollos.com.mx\/wp-content\/uploads\/2024\/03\/Mixto-Qro-1.png 1024w, https:\/\/cirrusdesarrollos.com.mx\/wp-content\/uploads\/2024\/03\/Mixto-Qro-1-300x300.png 300w, https:\/\/cirrusdesarrollos.com.mx\/wp-content\/uploads\/2024\/03\/Mixto-Qro-1-150x150.png 150w, https:\/\/cirrusdesarrollos.com.mx\/wp-content\/uploads\/2024\/03\/Mixto-Qro-1-768x768.png 768w\" sizes=\"auto, (max-width: 1024px) 100vw, 1024px\" \/><\/a><\/figure>\n<\/div>\n\n\n\n<div id=\"wp-block-themeisle-blocks-advanced-column-24286729\" class=\"wp-block-themeisle-blocks-advanced-column\">\n<h6 id=\"wp-block-themeisle-blocks-advanced-heading-5d5adff9\" class=\"wp-block-themeisle-blocks-advanced-heading wp-block-themeisle-blocks-advanced-heading-5d5adff9\">Edificio de uso mixto<\/h6>\n\n\n\n<h2 class=\"wp-block-heading has-text-color-color has-text-color\">Edificio Mixto Quer\u00e9taro<\/h2>\n\n\n\n<ul class=\"wp-block-list\">\n<li>Desarrollo: Condominio horizontal<\/li>\n\n\n\n<li>Unidades: 8 departamentos, 1 restaurante<\/li>\n\n\n\n<li>Ubicaci\u00f3n: Industrializaci\u00f3n, Quer\u00e9taro<\/li>\n\n\n\n<li>A\u00f1o: 2022<\/li>\n<\/ul>\n\n\n\n<div style=\"height:54px\" aria-hidden=\"true\" class=\"wp-block-spacer\"><\/div>\n\n\n\n<div class=\"wp-block-buttons is-layout-flex wp-block-buttons-is-layout-flex\">\n<div class=\"wp-block-button is-style-secondary\"><a class=\"wp-block-button__link wp-element-button\" href=\"https:\/\/cirrusdesarrollos.com.mx\/index.php\/d-edificio-mixto-qro\/\">VER PROYECTO<\/a><\/div>\n<\/div>\n<\/div>\n<\/div><\/div>\n\n\n\n<div id=\"wp-block-themeisle-blocks-advanced-columns-d53e79a1\" class=\"wp-block-themeisle-blocks-advanced-columns alignfull has-2-columns has-desktop-equal-layout has-tablet-equal-layout has-mobile-collapsedRows-layout has-vertical-unset has-dark-bg\"><div class=\"wp-block-themeisle-blocks-advanced-columns-overlay\"><\/div><div class=\"innerblocks-wrap\">\n<div id=\"wp-block-themeisle-blocks-advanced-column-a5049160\" class=\"wp-block-themeisle-blocks-advanced-column\">\n<h6 id=\"wp-block-themeisle-blocks-advanced-heading-3380d28d\" class=\"wp-block-themeisle-blocks-advanced-heading wp-block-themeisle-blocks-advanced-heading-3380d28d\">vivienda vertical<\/h6>\n\n\n\n<h2 class=\"wp-block-heading has-nv-text-dark-bg-color has-text-color\">San Jer\u00f3nimo-1<\/h2>\n\n\n\n<ul class=\"wp-block-list\">\n<li>Desarrollo: Edificio<\/li>\n\n\n\n<li>Unidades: 14 departementos<\/li>\n\n\n\n<li>Ubicaci\u00f3n: San Jer\u00f3nimo, Ciudad de M\u00e9xico<\/li>\n\n\n\n<li>A\u00f1o: 2023<\/li>\n<\/ul>\n\n\n\n<div style=\"height:54px\" aria-hidden=\"true\" class=\"wp-block-spacer\"><\/div>\n\n\n\n<div class=\"wp-block-buttons is-layout-flex wp-block-buttons-is-layout-flex\">\n<div class=\"wp-block-button is-style-secondary\"><a class=\"wp-block-button__link wp-element-button\" href=\"https:\/\/cirrusdesarrollos.com.mx\/index.php\/d-san-jeronimo\/\">VER PROYECTO<\/a><\/div>\n<\/div>\n<\/div>\n\n\n\n<div id=\"wp-block-themeisle-blocks-advanced-column-88e2130f\" class=\"wp-block-themeisle-blocks-advanced-column\">\n<figure class=\"wp-block-image size-full animated fadeInRight slow\"><a href=\"https:\/\/cirrusdesarrollos.com.mx\/index.php\/d-san-jeronimo\/\"><img loading=\"lazy\" width=\"1024\" height=\"1024\" src=\"http:\/\/cirrusdesarrollos.com.mx\/wp-content\/uploads\/2024\/03\/SJ-1.png\" alt=\"\" class=\"wp-image-1447\" srcset=\"https:\/\/cirrusdesarrollos.com.mx\/wp-content\/uploads\/2024\/03\/SJ-1.png 1024w, https:\/\/cirrusdesarrollos.com.mx\/wp-content\/uploads\/2024\/03\/SJ-1-300x300.png 300w, https:\/\/cirrusdesarrollos.com.mx\/wp-content\/uploads\/2024\/03\/SJ-1-150x150.png 150w, https:\/\/cirrusdesarrollos.com.mx\/wp-content\/uploads\/2024\/03\/SJ-1-768x768.png 768w\" sizes=\"auto, (max-width: 1024px) 100vw, 1024px\" \/><\/a><\/figure>\n<\/div>\n<\/div><\/div>\n\n\n\n<div id=\"wp-block-themeisle-blocks-advanced-columns-a9b27eb9\" class=\"wp-block-themeisle-blocks-advanced-columns alignfull has-1-columns has-desktop-equal-layout has-tablet-equal-layout has-mobile-collapsedRows-layout has-vertical-unset has-dark-bg\"><div class=\"wp-block-themeisle-blocks-advanced-columns-overlay\"><\/div><div class=\"innerblocks-wrap\">\n<div id=\"wp-block-themeisle-blocks-advanced-column-1ff8f231\" class=\"wp-block-themeisle-blocks-advanced-column\">\n<p class=\"has-text-align-left has-nv-site-bg-color has-text-color has-link-color has-medium-font-size wp-elements-221ba7054dadf497dc9cf54a36210cb1\">Ciudad de M\u00e9xico<br>Tel\u00e9fono\/Whatsaap: <a href=\"tel:+5215511516530\">5511516530<\/a><br>Correo: <a href=\"mailto:contacto@cirrusdesarrollos.com.mx\">contacto@cirrusdesarrollos.com.mx<\/a><\/p>\n<\/div>\n<\/div><\/div>\n","protected":false},"excerpt":{"rendered":"","protected":false},"author":1,"featured_media":0,"parent":0,"menu_order":0,"comment_status":"closed","ping_status":"closed","template":"page-templates\/template-pagebuilder-full-width.php","meta":{"neve_meta_sidebar":"full-width","neve_meta_container":"","neve_meta_enable_content_width":"on","neve_meta_content_width":100,"neve_meta_title_alignment":"","neve_meta_author_avatar":"","neve_post_elements_order":"","neve_meta_disable_header":"","neve_meta_disable_footer":"","neve_meta_disable_title":"","pgc_sgb_lightbox_settings":"","_themeisle_gutenberg_block_has_review":false,"_joinchat":[],"footnotes":""},"class_list":["post-201","page","type-page","status-publish","hentry"],"_links":{"self":[{"href":"https:\/\/cirrusdesarrollos.com.mx\/index.php\/wp-json\/wp\/v2\/pages\/201","targetHints":{"allow":["GET"]}}],"collection":[{"href":"https:\/\/cirrusdesarrollos.com.mx\/index.php\/wp-json\/wp\/v2\/pages"}],"about":[{"href":"https:\/\/cirrusdesarrollos.com.mx\/index.php\/wp-json\/wp\/v2\/types\/page"}],"author":[{"embeddable":true,"href":"https:\/\/cirrusdesarrollos.com.mx\/index.php\/wp-json\/wp\/v2\/users\/1"}],"replies":[{"embeddable":true,"href":"https:\/\/cirrusdesarrollos.com.mx\/index.php\/wp-json\/wp\/v2\/comments?post=201"}],"version-history":[{"count":34,"href":"https:\/\/cirrusdesarrollos.com.mx\/index.php\/wp-json\/wp\/v2\/pages\/201\/revisions"}],"predecessor-version":[{"id":1483,"href":"https:\/\/cirrusdesarrollos.com.mx\/index.php\/wp-json\/wp\/v2\/pages\/201\/revisions\/1483"}],"wp:attachment":[{"href":"https:\/\/cirrusdesarrollos.com.mx\/index.php\/wp-json\/wp\/v2\/media?parent=201"}],"curies":[{"name":"wp","href":"https:\/\/api.w.org\/{rel}","templated":true}]}}